{"id":836,"date":"2021-11-01T10:13:21","date_gmt":"2021-11-01T10:13:21","guid":{"rendered":"https:\/\/www.antae.ch\/contact\/"},"modified":"2022-11-21T11:45:00","modified_gmt":"2022-11-21T10:45:00","slug":"contact","status":"publish","type":"page","link":"https:\/\/www.antae.ch\/fr\/contact\/","title":{"rendered":"Contact"},"content":{"rendered":"\n<style type=\"text\/css\" data-created_by=\"avia_inline_auto\" id=\"style-css-av-gmst3-5cf31572557db5d45dc561513cd1bf01\">\n.avia-section.av-gmst3-5cf31572557db5d45dc561513cd1bf01{\nbackground-color:#f5f5f5;\nbackground-image:url(https:\/\/www.antae.ch\/wp-content\/uploads\/2021\/11\/title-back.jpg);\nbackground-repeat:no-repeat;\nbackground-position:100% 50%;\nbackground-attachment:scroll;\n}\n<\/style>\n<div id='av_section_1'  class='avia-section av-gmst3-5cf31572557db5d45dc561513cd1bf01 main_color avia-section-no-padding avia-no-border-styling  avia-builder-el-0  el_before_av_section  avia-builder-el-first  avia-bg-style-scroll av-minimum-height av-minimum-height-custom av-height-custom  container_wrap fullsize'  data-section-bg-repeat='no-repeat' data-av_minimum_height_px='285'><div class='container av-section-cont-open' style='height:285px'><main  role=\"main\" itemprop=\"mainContentOfPage\"  class='template-page content  av-content-full alpha units'><div class='post-entry post-entry-type-page post-entry-836'><div class='entry-content-wrapper clearfix'>\n\n<style type=\"text\/css\" data-created_by=\"avia_inline_auto\" id=\"style-css-av-kwav37vo-eec7b784ddcad3c67af14dc67ac782bc\">\n#top .av-special-heading.av-kwav37vo-eec7b784ddcad3c67af14dc67ac782bc{\nmargin:0 0 0 0;\npadding-bottom:10px;\ncolor:#0a0a0a;\n}\nbody .av-special-heading.av-kwav37vo-eec7b784ddcad3c67af14dc67ac782bc .av-special-heading-tag .heading-char{\nfont-size:25px;\n}\n#top #wrap_all .av-special-heading.av-kwav37vo-eec7b784ddcad3c67af14dc67ac782bc .av-special-heading-tag{\npadding:0 0 0 0;\n}\n.av-special-heading.av-kwav37vo-eec7b784ddcad3c67af14dc67ac782bc .special-heading-inner-border{\nborder-color:#0a0a0a;\n}\n.av-special-heading.av-kwav37vo-eec7b784ddcad3c67af14dc67ac782bc .av-subheading{\nfont-size:24px;\ncolor:#004161;\n}\n<\/style>\n<div  class='av-special-heading av-kwav37vo-eec7b784ddcad3c67af14dc67ac782bc av-special-heading-h1 custom-color-heading blockquote modern-quote  avia-builder-el-1  avia-builder-el-no-sibling '><div class='av_custom_color av-subheading av-subheading_above'><p>Contact<\/p>\n<\/div><h1 class='av-special-heading-tag '  itemprop=\"headline\"  >Prenez contact avec nous en utilisant le formulaire ci-dessous &#8230;<\/h1><div class=\"special-heading-border\"><div class=\"special-heading-inner-border\"><\/div><\/div><\/div>\n\n<\/div><\/div><\/main><!-- close content main element --><\/div><\/div><div id='av_section_2'  class='avia-section av-fm92f-45dd47d756a8b8974fd32acaaed35340 main_color avia-section-default avia-no-border-styling  avia-builder-el-2  el_after_av_section  avia-builder-el-last  avia-bg-style-scroll container_wrap fullsize'  ><div class='container av-section-cont-open' ><div class='template-page content  av-content-full alpha units'><div class='post-entry post-entry-type-page post-entry-836'><div class='entry-content-wrapper clearfix'>\n\n<div  class='flex_column av-dz67r-dfec681c6246ca704fcbcdea1131e64b av_one_fourth  avia-builder-el-4  el_after_av_codeblock  el_before_av_three_fourth  first flex_column_div  '     ><\/div><div  class='flex_column av-1ifw7-788866fe53f4242b6ad45fa3039f1806 av_three_fourth  avia-builder-el-5  el_after_av_one_fourth  avia-builder-el-last  flex_column_div  '     ><p>\n<style type=\"text\/css\" data-created_by=\"avia_inline_auto\" id=\"style-css-av-kwav5bs7-e8e65ff054bc219757910351457563ac\">\n#top .av-special-heading.av-kwav5bs7-e8e65ff054bc219757910351457563ac{\nmargin:0 0 0 0;\npadding-bottom:45px;\n}\nbody .av-special-heading.av-kwav5bs7-e8e65ff054bc219757910351457563ac .av-special-heading-tag .heading-char{\nfont-size:25px;\n}\n#top #wrap_all .av-special-heading.av-kwav5bs7-e8e65ff054bc219757910351457563ac .av-special-heading-tag{\npadding:0 0 0 0;\n}\n.av-special-heading.av-kwav5bs7-e8e65ff054bc219757910351457563ac .av-subheading{\nfont-size:15px;\n}\n<\/style>\n<div  class='av-special-heading av-kwav5bs7-e8e65ff054bc219757910351457563ac av-special-heading-h3 blockquote modern-quote  avia-builder-el-6  el_before_av_contact  avia-builder-el-first '><h3 class='av-special-heading-tag '  itemprop=\"headline\"  >Comment pouvons-nous vous aider ?<\/h3><div class=\"special-heading-border\"><div class=\"special-heading-inner-border\"><\/div><\/div><\/div><br \/>\n<form action=\"https:\/\/www.antae.ch\/fr\/contact\/\" method=\"post\" data-fields-with-error=\"Erreurs trouv\u00e9es dans les champs suivants :\" class=\"avia_ajax_form av-form-labels-hidden   avia-builder-el-7  el_after_av_heading  avia-builder-el-last   \" data-avia-form-id=\"1\" data-avia-redirect='' ><fieldset><p class='  first_form  form_element form_element_half' id='element_avia_1_1'><label for=\"avia_1_1\">Pr\u00e9nom <abbr class=\"required\" title=\"requis(e)\">*<\/abbr><\/label> <input name=\"avia_1_1\" class=\"text_input is_empty\" type=\"text\" id=\"avia_1_1\" value=\"\"  placeholder='Pr\u00e9nom*'\/><\/p><p class='  form_element form_element_half' id='element_avia_2_1'><label for=\"avia_2_1\">Nom <abbr class=\"required\" title=\"requis(e)\">*<\/abbr><\/label> <input name=\"avia_2_1\" class=\"text_input is_empty\" type=\"text\" id=\"avia_2_1\" value=\"\"  placeholder='Nom*'\/><\/p><p class='  first_form  form_element form_element_half' id='element_avia_3_1'><label for=\"avia_3_1\">T\u00e9l\u00e9phone <abbr class=\"required\" title=\"requis(e)\">*<\/abbr><\/label> <input name=\"avia_3_1\" class=\"text_input is_empty\" type=\"text\" id=\"avia_3_1\" value=\"\"  placeholder='T\u00e9l\u00e9phone*'\/><\/p><p class='  form_element form_element_half' id='element_avia_4_1'><label for=\"avia_4_1\">E-Mail <abbr class=\"required\" title=\"requis(e)\">*<\/abbr><\/label> <input name=\"avia_4_1\" class=\"text_input is_email\" type=\"text\" id=\"avia_4_1\" value=\"\"  placeholder='E-Mail*'\/><\/p><p class='  first_form  form_element form_fullwidth' id='element_avia_5_1'><label for=\"avia_5_1\" class=\"textare_label hidden textare_label_avia_5_1\">Message <abbr class=\"required\" title=\"requis(e)\">*<\/abbr><\/label><textarea  placeholder='Message*' name=\"avia_5_1\" class=\"text_area is_empty\" cols=\"40\" rows=\"7\" id=\"avia_5_1\" ><\/textarea><\/p><p class=\"hidden\"><input type=\"text\" name=\"avia_6_1\" class=\"hidden \" id=\"avia_6_1\" value=\"\" \/><\/p><p class='   form_element form_fullwidth' id='element_avia_7_1'><span class='value_verifier_label'>0 + 6 = ?<\/span><input name=\"avia_7_1_verifier\" type=\"hidden\" id=\"avia_7_1_verifier\" value=\"783436245\"\/><label for=\"avia_7_1\">Merci de prouver que vous \u00eates un humain en donnant le r\u00e9sultat de cette op\u00e9ration <abbr class=\"required\" title=\"requis(e)\">*<\/abbr><\/label><input name=\"avia_7_1\" class=\"text_input captcha\" type=\"text\" id=\"avia_7_1\" value=\"\"\/><\/p><p class=\"form_element \"><input type=\"hidden\" value=\"1\" name=\"avia_generated_form1\" \/><input type=\"submit\" value=\"Soumettre\" class=\"button\"  data-sending-label=\"Envoi\"\/><\/p><\/fieldset><\/form><div id=\"ajaxresponse_1\" class=\"ajaxresponse ajaxresponse_1 hidden\"><\/div><\/p><\/div>\n","protected":false},"excerpt":{"rendered":"","protected":false},"author":5,"featured_media":0,"parent":0,"menu_order":0,"comment_status":"closed","ping_status":"closed","template":"","meta":{"inline_featured_image":false,"footnotes":""},"class_list":["post-836","page","type-page","status-publish","hentry"],"_links":{"self":[{"href":"https:\/\/www.antae.ch\/fr\/wp-json\/wp\/v2\/pages\/836","targetHints":{"allow":["GET"]}}],"collection":[{"href":"https:\/\/www.antae.ch\/fr\/wp-json\/wp\/v2\/pages"}],"about":[{"href":"https:\/\/www.antae.ch\/fr\/wp-json\/wp\/v2\/types\/page"}],"author":[{"embeddable":true,"href":"https:\/\/www.antae.ch\/fr\/wp-json\/wp\/v2\/users\/5"}],"replies":[{"embeddable":true,"href":"https:\/\/www.antae.ch\/fr\/wp-json\/wp\/v2\/comments?post=836"}],"version-history":[{"count":5,"href":"https:\/\/www.antae.ch\/fr\/wp-json\/wp\/v2\/pages\/836\/revisions"}],"predecessor-version":[{"id":1113,"href":"https:\/\/www.antae.ch\/fr\/wp-json\/wp\/v2\/pages\/836\/revisions\/1113"}],"wp:attachment":[{"href":"https:\/\/www.antae.ch\/fr\/wp-json\/wp\/v2\/media?parent=836"}],"curies":[{"name":"wp","href":"https:\/\/api.w.org\/{rel}","templated":true}]}}