{"id":830,"date":"2021-11-03T08:35:15","date_gmt":"2021-11-03T07:35:15","guid":{"rendered":"https:\/\/www.antae.ch\/services\/insurance-brokers\/"},"modified":"2022-01-28T15:08:02","modified_gmt":"2022-01-28T14:08:02","slug":"courtiers-en-assurance","status":"publish","type":"page","link":"https:\/\/www.antae.ch\/fr\/services\/courtiers-en-assurance\/","title":{"rendered":"Courtiers en assurance"},"content":{"rendered":"\n<style type=\"text\/css\" data-created_by=\"avia_inline_auto\" id=\"style-css-av-1gvhkk-2a983f6bbdf7086a622f25ffbf67fbbe\">\n.avia-section.av-1gvhkk-2a983f6bbdf7086a622f25ffbf67fbbe{\nbackground-color:#f5f5f5;\nbackground-image:url(https:\/\/www.antae.ch\/wp-content\/uploads\/2021\/11\/title-back.jpg);\nbackground-repeat:no-repeat;\nbackground-position:100% 50%;\nbackground-attachment:scroll;\n}\n<\/style>\n<div id='av_section_1'  class='avia-section av-1gvhkk-2a983f6bbdf7086a622f25ffbf67fbbe main_color avia-section-no-padding avia-no-border-styling  avia-builder-el-0  el_before_av_section  avia-builder-el-first  avia-bg-style-scroll av-minimum-height av-minimum-height-custom av-height-custom  container_wrap fullsize'  data-section-bg-repeat='no-repeat' data-av_minimum_height_px='285'><div class='container av-section-cont-open' style='height:285px'><main  role=\"main\" itemprop=\"mainContentOfPage\"  class='template-page content  av-content-full alpha units'><div class='post-entry post-entry-type-page post-entry-830'><div class='entry-content-wrapper clearfix'>\n\n<style type=\"text\/css\" data-created_by=\"avia_inline_auto\" id=\"style-css-av-kwatb1sc-691bd0af420ca0a3a590f77ff24337cb\">\n#top .av-special-heading.av-kwatb1sc-691bd0af420ca0a3a590f77ff24337cb{\nmargin:0 0 0 0;\npadding-bottom:10px;\ncolor:#0a0a0a;\n}\nbody .av-special-heading.av-kwatb1sc-691bd0af420ca0a3a590f77ff24337cb .av-special-heading-tag .heading-char{\nfont-size:25px;\n}\n#top #wrap_all .av-special-heading.av-kwatb1sc-691bd0af420ca0a3a590f77ff24337cb .av-special-heading-tag{\npadding:0 0 0 0;\n}\n.av-special-heading.av-kwatb1sc-691bd0af420ca0a3a590f77ff24337cb .special-heading-inner-border{\nborder-color:#0a0a0a;\n}\n.av-special-heading.av-kwatb1sc-691bd0af420ca0a3a590f77ff24337cb .av-subheading{\nfont-size:24px;\ncolor:#004161;\n}\n<\/style>\n<div  class='av-special-heading av-kwatb1sc-691bd0af420ca0a3a590f77ff24337cb av-special-heading-h1 custom-color-heading blockquote modern-quote  avia-builder-el-1  avia-builder-el-no-sibling '><div class='av_custom_color av-subheading av-subheading_above'><p>Services<\/p>\n<\/div><h1 class='av-special-heading-tag '  itemprop=\"headline\"  >Courtiers en assurance<\/h1><div class=\"special-heading-border\"><div class=\"special-heading-inner-border\"><\/div><\/div><\/div>\n\n<\/div><\/div><\/main><!-- close content main element --><\/div><\/div><div id='av_section_2'  class='avia-section av-17rem4-0d47dcba21b7536ce4e728e2003ac842 main_color avia-section-default avia-no-border-styling  avia-builder-el-2  el_after_av_section  el_before_av_section  avia-bg-style-scroll container_wrap fullsize'  ><div class='container av-section-cont-open' ><div class='template-page content  av-content-full alpha units'><div class='post-entry post-entry-type-page post-entry-830'><div class='entry-content-wrapper clearfix'>\n\n<div  class='flex_column av-13uv78-1bad5877aa50cb22a7ba5017bee48dd7 av_two_third  avia-builder-el-4  el_after_av_codeblock  el_before_av_one_third  first flex_column_div  '     ><p>\n<style type=\"text\/css\" data-created_by=\"avia_inline_auto\" id=\"style-css-av-kwatbbyc-104cc95187d57a684b59c34997b248d6\">\n#top .av-special-heading.av-kwatbbyc-104cc95187d57a684b59c34997b248d6{\npadding-bottom:10px;\n}\nbody .av-special-heading.av-kwatbbyc-104cc95187d57a684b59c34997b248d6 .av-special-heading-tag .heading-char{\nfont-size:25px;\n}\n.av-special-heading.av-kwatbbyc-104cc95187d57a684b59c34997b248d6 .av-subheading{\nfont-size:15px;\n}\n<\/style>\n<div  class='av-special-heading av-kwatbbyc-104cc95187d57a684b59c34997b248d6 av-special-heading-h2 blockquote modern-quote  avia-builder-el-5  el_before_av_textblock  avia-builder-el-first '><h2 class='av-special-heading-tag '  itemprop=\"headline\"  >Vous \u00eates courtier et<br \/>\nvous souhaitez collaborer avec Anta\u00e9 ?<\/h2><div class=\"special-heading-border\"><div class=\"special-heading-inner-border\"><\/div><\/div><\/div><br \/>\n<section  class='av_textblock_section av-kwatbv7g-3a905aaa32b91ef1e2c8f76555214834 '   itemscope=\"itemscope\" itemtype=\"https:\/\/schema.org\/CreativeWork\" ><div class='avia_textblock'  itemprop=\"text\" ><p>Anta\u00e9 accompagne ses clients tout en collaborant avec les courtiers qui ont re\u00e7u mandant de leur client. En cela nous ne sommes pas concurrents mais partenaires des courtiers.<\/p>\n<p>Nous avons \u00e9tabli des partenariats avec de nombreux courtiers sur le march\u00e9 Suisse et \u00e0 l\u2019\u00e9tranger, en fonction des besoins de chaque segment de client\u00e8le. La bonne collaboration avec le courtier mandat\u00e9 est essentielle pour nous et permet aux clients d\u2019avoir des conseils d\u2019experts sur l\u2019ensemble de ses besoins. C\u2019est une formule gagnante pour tous.<\/p>\n<\/div><\/section><\/p><\/div><div  class='flex_column av-37ums-1ec8a333015da57be2add4f182ba9491 av_one_third  avia-builder-el-7  el_after_av_two_third  avia-builder-el-last  flex_column_div  '     ><style type=\"text\/css\" data-created_by=\"avia_inline_auto\" id=\"style-css-av-rkitg-afa06f8f73ab996aae263ded7ccd0cbb\">\n.avia-image-container.av-rkitg-afa06f8f73ab996aae263ded7ccd0cbb img.avia_image{\nbox-shadow:none;\n}\n.avia-image-container.av-rkitg-afa06f8f73ab996aae263ded7ccd0cbb .av-image-caption-overlay-center{\ncolor:#ffffff;\n}\n<\/style>\n<div  class='avia-image-container av-rkitg-afa06f8f73ab996aae263ded7ccd0cbb av-styling- avia_animated_image av-animated-when-visible-95 fade-in avia-align-center  avia-builder-el-8  avia-builder-el-no-sibling '   itemprop=\"image\" itemscope=\"itemscope\" itemtype=\"https:\/\/schema.org\/ImageObject\" ><div class=\"avia-image-container-inner\"><div class=\"avia-image-overlay-wrap\"><img decoding=\"async\" fetchpriority=\"high\" class='wp-image-524 avia-img-lazy-loading-not-524 avia_image ' src=\"https:\/\/www.antae.ch\/wp-content\/uploads\/2021\/11\/antae02-1.png\" alt='' title='antae02'  height=\"897\" width=\"979\"  itemprop=\"thumbnailUrl\" srcset=\"https:\/\/www.antae.ch\/wp-content\/uploads\/2021\/11\/antae02-1.png 979w, https:\/\/www.antae.ch\/wp-content\/uploads\/2021\/11\/antae02-1-300x275.png 300w, https:\/\/www.antae.ch\/wp-content\/uploads\/2021\/11\/antae02-1-768x704.png 768w, https:\/\/www.antae.ch\/wp-content\/uploads\/2021\/11\/antae02-1-705x646.png 705w\" sizes=\"(max-width: 979px) 100vw, 979px\" \/><\/div><\/div><\/div><\/div><\/div><\/div><\/div><!-- close content main div --><\/div><\/div><div id='av_section_3'  class='avia-section av-kwaut0oa-b6cd7efb3188d372e151ecdf48f08b45 main_color avia-section-default avia-no-border-styling  avia-builder-el-9  el_after_av_section  el_before_av_hr  avia-bg-style-scroll container_wrap fullsize'  ><div class='container av-section-cont-open' ><div class='template-page content  av-content-full alpha units'><div class='post-entry post-entry-type-page post-entry-830'><div class='entry-content-wrapper clearfix'>\n\n<style type=\"text\/css\" data-created_by=\"avia_inline_auto\" id=\"style-css-av-kwatcxow-c120958b92553861586883c217760b83\">\n#top .av-special-heading.av-kwatcxow-c120958b92553861586883c217760b83{\nmargin:0 0 0 0;\npadding-bottom:10px;\n}\nbody .av-special-heading.av-kwatcxow-c120958b92553861586883c217760b83 .av-special-heading-tag .heading-char{\nfont-size:25px;\n}\n#top #wrap_all .av-special-heading.av-kwatcxow-c120958b92553861586883c217760b83 .av-special-heading-tag{\npadding:0 0 30px 0;\n}\n.av-special-heading.av-kwatcxow-c120958b92553861586883c217760b83 .av-subheading{\nfont-size:15px;\n}\n<\/style>\n<div  class='av-special-heading av-kwatcxow-c120958b92553861586883c217760b83 av-special-heading-h3 blockquote modern-quote modern-centered  avia-builder-el-10  el_before_av_button  avia-builder-el-first '><h3 class='av-special-heading-tag '  itemprop=\"headline\"  >Vous \u00eates courtier et vous souhaitez collaborer avec nous ? Nous sommes \u00e0 votre enti\u00e8re disposition.<\/h3><div class=\"special-heading-border\"><div class=\"special-heading-inner-border\"><\/div><\/div><\/div>\n<div  class='avia-button-wrap av-gtdbg-71333f7f095ccdff70abd900a97d6c2b-wrap avia-button-center  avia-builder-el-11  el_after_av_heading  avia-builder-el-last '>\n<style type=\"text\/css\" data-created_by=\"avia_inline_auto\" id=\"style-css-av-gtdbg-71333f7f095ccdff70abd900a97d6c2b\">\n#top #wrap_all .avia-button.av-gtdbg-71333f7f095ccdff70abd900a97d6c2b{\nborder-radius:8px 8px 8px 8px;\ntransition:all 0.4s ease-in-out;\n}\n#top #wrap_all.avia-button.av-gtdbg-71333f7f095ccdff70abd900a97d6c2b:hover .avia_button_background{\nborder-radius:8px 8px 8px 8px;\n}\n<\/style>\n<a href='https:\/\/www.antae.ch\/fr\/contact\/'  class='avia-button av-gtdbg-71333f7f095ccdff70abd900a97d6c2b av-link-btn avia-icon_select-no avia-size-small avia-position-center avia-color-dark'   aria-label=\"Contactez-nous\"><span class='avia_iconbox_title' >Contactez-nous<\/span><\/a><\/div>\n<\/div><\/div><\/div><!-- close content main div --><\/div><\/div><div id='after_section_3'  class='main_color av_default_container_wrap container_wrap fullsize'  ><div class='container av-section-cont-open' ><div class='template-page content  av-content-full alpha units'><div class='post-entry post-entry-type-page post-entry-830'><div class='entry-content-wrapper clearfix'><\/p>\n\n<style type=\"text\/css\" data-created_by=\"avia_inline_auto\" id=\"style-css-av-7ages-40b3cdd9622f12c85f497067b4e3f30c\">\n#top .hr.hr-invisible.av-7ages-40b3cdd9622f12c85f497067b4e3f30c{\nheight:30px;\n}\n<\/style>\n<div  class='hr av-7ages-40b3cdd9622f12c85f497067b4e3f30c hr-invisible  avia-builder-el-12  el_after_av_section  avia-builder-el-no-sibling '><span class='hr-inner '><span class=\"hr-inner-style\"><\/span><\/span><\/div>\n","protected":false},"excerpt":{"rendered":"","protected":false},"author":5,"featured_media":0,"parent":789,"menu_order":0,"comment_status":"closed","ping_status":"closed","template":"","meta":{"inline_featured_image":false,"footnotes":""},"class_list":["post-830","page","type-page","status-publish","hentry"],"_links":{"self":[{"href":"https:\/\/www.antae.ch\/fr\/wp-json\/wp\/v2\/pages\/830","targetHints":{"allow":["GET"]}}],"collection":[{"href":"https:\/\/www.antae.ch\/fr\/wp-json\/wp\/v2\/pages"}],"about":[{"href":"https:\/\/www.antae.ch\/fr\/wp-json\/wp\/v2\/types\/page"}],"author":[{"embeddable":true,"href":"https:\/\/www.antae.ch\/fr\/wp-json\/wp\/v2\/users\/5"}],"replies":[{"embeddable":true,"href":"https:\/\/www.antae.ch\/fr\/wp-json\/wp\/v2\/comments?post=830"}],"version-history":[{"count":5,"href":"https:\/\/www.antae.ch\/fr\/wp-json\/wp\/v2\/pages\/830\/revisions"}],"predecessor-version":[{"id":910,"href":"https:\/\/www.antae.ch\/fr\/wp-json\/wp\/v2\/pages\/830\/revisions\/910"}],"up":[{"embeddable":true,"href":"https:\/\/www.antae.ch\/fr\/wp-json\/wp\/v2\/pages\/789"}],"wp:attachment":[{"href":"https:\/\/www.antae.ch\/fr\/wp-json\/wp\/v2\/media?parent=830"}],"curies":[{"name":"wp","href":"https:\/\/api.w.org\/{rel}","templated":true}]}}