{"id":823,"date":"2021-11-03T08:35:03","date_gmt":"2021-11-03T07:35:03","guid":{"rendered":"https:\/\/www.antae.ch\/services\/medical-providers\/"},"modified":"2022-01-28T11:32:20","modified_gmt":"2022-01-28T10:32:20","slug":"prestataires-medicaux","status":"publish","type":"page","link":"https:\/\/www.antae.ch\/fr\/services\/prestataires-medicaux\/","title":{"rendered":"Prestataires m\u00e9dicaux"},"content":{"rendered":"\n<style type=\"text\/css\" data-created_by=\"avia_inline_auto\" id=\"style-css-av-2ophfu-6b3ab3cbf2c7dc96049fee3213a496f2\">\n.avia-section.av-2ophfu-6b3ab3cbf2c7dc96049fee3213a496f2{\nbackground-color:#f5f5f5;\nbackground-image:url(https:\/\/www.antae.ch\/wp-content\/uploads\/2021\/11\/title-back.jpg);\nbackground-repeat:no-repeat;\nbackground-position:100% 50%;\nbackground-attachment:scroll;\n}\n<\/style>\n<div id='av_section_1'  class='avia-section av-2ophfu-6b3ab3cbf2c7dc96049fee3213a496f2 main_color avia-section-no-padding avia-no-border-styling  avia-builder-el-0  el_before_av_section  avia-builder-el-first  avia-bg-style-scroll av-minimum-height av-minimum-height-custom av-height-custom  container_wrap fullsize'  data-section-bg-repeat='no-repeat' data-av_minimum_height_px='285'><div class='container av-section-cont-open' style='height:285px'><main  role=\"main\" itemprop=\"mainContentOfPage\"  class='template-page content  av-content-full alpha units'><div class='post-entry post-entry-type-page post-entry-823'><div class='entry-content-wrapper clearfix'>\n\n<style type=\"text\/css\" data-created_by=\"avia_inline_auto\" id=\"style-css-av-kwasqaja-37e0e10377076b7ff742d3092d442535\">\n#top .av-special-heading.av-kwasqaja-37e0e10377076b7ff742d3092d442535{\nmargin:0 0 0 0;\npadding-bottom:10px;\ncolor:#0a0a0a;\n}\nbody .av-special-heading.av-kwasqaja-37e0e10377076b7ff742d3092d442535 .av-special-heading-tag .heading-char{\nfont-size:25px;\n}\n#top #wrap_all .av-special-heading.av-kwasqaja-37e0e10377076b7ff742d3092d442535 .av-special-heading-tag{\npadding:0 0 0 0;\n}\n.av-special-heading.av-kwasqaja-37e0e10377076b7ff742d3092d442535 .special-heading-inner-border{\nborder-color:#0a0a0a;\n}\n.av-special-heading.av-kwasqaja-37e0e10377076b7ff742d3092d442535 .av-subheading{\nfont-size:24px;\ncolor:#004161;\n}\n<\/style>\n<div  class='av-special-heading av-kwasqaja-37e0e10377076b7ff742d3092d442535 av-special-heading-h1 custom-color-heading blockquote modern-quote  avia-builder-el-1  avia-builder-el-no-sibling '><div class='av_custom_color av-subheading av-subheading_above'><p>Services<\/p>\n<\/div><h1 class='av-special-heading-tag '  itemprop=\"headline\"  >Prestataires m\u00e9dicaux<\/h1><div class=\"special-heading-border\"><div class=\"special-heading-inner-border\"><\/div><\/div><\/div>\n<\/div><\/div><\/main><!-- close content main element --><\/div><\/div><div id='av_section_2'  class='avia-section av-2kte8a-78aa2a82f553f9eb189a222de9ab2b91 main_color avia-section-default avia-no-border-styling  avia-builder-el-2  el_after_av_section  el_before_av_section  avia-bg-style-scroll container_wrap fullsize'  ><div class='container av-section-cont-open' ><div class='template-page content  av-content-full alpha units'><div class='post-entry post-entry-type-page post-entry-823'><div class='entry-content-wrapper clearfix'>\n\n<div  class='flex_column av-2dyugi-411ef98e3202e083b7895aac6843e477 av_two_third  avia-builder-el-4  el_after_av_codeblock  el_before_av_one_third  first flex_column_div  '     ><p>\n<style type=\"text\/css\" data-created_by=\"avia_inline_auto\" id=\"style-css-av-kwasqhkc-28ed6ed885989ab72f382b1e3b0f2a83\">\n#top .av-special-heading.av-kwasqhkc-28ed6ed885989ab72f382b1e3b0f2a83{\npadding-bottom:10px;\n}\nbody .av-special-heading.av-kwasqhkc-28ed6ed885989ab72f382b1e3b0f2a83 .av-special-heading-tag .heading-char{\nfont-size:25px;\n}\n.av-special-heading.av-kwasqhkc-28ed6ed885989ab72f382b1e3b0f2a83 .av-subheading{\nfont-size:15px;\n}\n<\/style>\n<div  class='av-special-heading av-kwasqhkc-28ed6ed885989ab72f382b1e3b0f2a83 av-special-heading-h2 blockquote modern-quote  avia-builder-el-5  el_before_av_textblock  avia-builder-el-first '><h2 class='av-special-heading-tag '  itemprop=\"headline\"  >Vous \u00eates un prestataire m\u00e9dical en Suisse ?<\/h2><div class=\"special-heading-border\"><div class=\"special-heading-inner-border\"><\/div><\/div><\/div><br \/>\n<section  class='av_textblock_section av-kwasr5yr-d96b4f939fd374392251e5c4dae4ab09 '   itemscope=\"itemscope\" itemtype=\"https:\/\/schema.org\/CreativeWork\" ><div class='avia_textblock'  itemprop=\"text\" ><p><strong>Pour ses clients du domaine de l\u2019\u00e9ducation, \u00e9coles et universit\u00e9s, Anta\u00e9 a d\u00e9velopp\u00e9 et travaille au quotidien avec un r\u00e9seau de partenaires m\u00e9dicaux qui permet le paiement direct aux m\u00e9decins, pharmacies et h\u00f4pitaux en Suisse. <\/strong><\/p>\n<p>La facturation des services m\u00e9dicaux aux \u00e9tudiants en direct peut s\u2019av\u00e9rer d\u00e9licate du fait de la pr\u00e9sence discontinue de l\u2019\u00e9tudiant sur le campus.<\/p>\n<p>Beaucoup d\u2019\u00e9tudiants ne sont pr\u00e9sents que pour un semestre et sont d\u00e9j\u00e0 partis lorsque la facture des soins leur est adress\u00e9e. De plus, beaucoup d\u2019\u00e9tudiants partent en stage pour des p\u00e9riodes allant de 2 \u00e0 6 mois, souvent \u00e0 l\u2019\u00e9tranger, et ne prennent connaissance des factures et des rappels qu\u2019\u00e0 leur retour. A cela s\u2019ajoute la familiarisation de l\u2019\u00e9tudiant international, donc \u00e9tranger, au processus de paiement et de remboursement Suisse, son nouveau pays de domicile.<\/p>\n<\/div><\/section><\/p><\/div><div  class='flex_column av-272hve-54e2d9e7c41d5dd8e2421f394cf7073e av_one_third  avia-builder-el-7  el_after_av_two_third  el_before_av_one_half  flex_column_div  '     ><style type=\"text\/css\" data-created_by=\"avia_inline_auto\" id=\"style-css-av-206okq-3c6856925d4ad5c7351e3b2af8b3df6f\">\n.avia-image-container.av-206okq-3c6856925d4ad5c7351e3b2af8b3df6f img.avia_image{\nbox-shadow:none;\n}\n.avia-image-container.av-206okq-3c6856925d4ad5c7351e3b2af8b3df6f .av-image-caption-overlay-center{\ncolor:#ffffff;\n}\n<\/style>\n<div  class='avia-image-container av-206okq-3c6856925d4ad5c7351e3b2af8b3df6f av-styling- avia_animated_image av-animated-when-visible-95 fade-in avia-align-center  avia-builder-el-8  avia-builder-el-no-sibling '   itemprop=\"image\" itemscope=\"itemscope\" itemtype=\"https:\/\/schema.org\/ImageObject\" ><div class=\"avia-image-container-inner\"><div class=\"avia-image-overlay-wrap\"><img decoding=\"async\" fetchpriority=\"high\" class='wp-image-528 avia-img-lazy-loading-not-528 avia_image ' src=\"https:\/\/www.antae.ch\/wp-content\/uploads\/2021\/11\/antae05-1.png\" alt='' title='antae05'  height=\"893\" width=\"979\"  itemprop=\"thumbnailUrl\" srcset=\"https:\/\/www.antae.ch\/wp-content\/uploads\/2021\/11\/antae05-1.png 979w, https:\/\/www.antae.ch\/wp-content\/uploads\/2021\/11\/antae05-1-300x274.png 300w, https:\/\/www.antae.ch\/wp-content\/uploads\/2021\/11\/antae05-1-768x701.png 768w, https:\/\/www.antae.ch\/wp-content\/uploads\/2021\/11\/antae05-1-705x643.png 705w\" sizes=\"(max-width: 979px) 100vw, 979px\" \/><\/div><\/div><\/div><\/div>\n<style type=\"text\/css\" data-created_by=\"avia_inline_auto\" id=\"style-css-av-1gvmyy-11d62a1191395a9fd5de5687df850292\">\n.flex_column.av-1gvmyy-11d62a1191395a9fd5de5687df850292{\npadding:0 0 0 50px;\n}\n<\/style>\n<div  class='flex_column av-1gvmyy-11d62a1191395a9fd5de5687df850292 av_one_half  avia-builder-el-9  el_after_av_one_third  el_before_av_two_fifth  first flex_column_div  column-top-margin'     ><\/div>\n<style type=\"text\/css\" data-created_by=\"avia_inline_auto\" id=\"style-css-av-j7g2y-4fe49bccde3357b71d498856be3bb79c\">\n.flex_column.av-j7g2y-4fe49bccde3357b71d498856be3bb79c{\npadding:0 0 0 50px;\n}\n<\/style>\n<div  class='flex_column av-j7g2y-4fe49bccde3357b71d498856be3bb79c av_two_fifth  avia-builder-el-10  el_after_av_one_half  avia-builder-el-last  flex_column_div av-animated-generic right-to-left  column-top-margin'     ><p>\n<style type=\"text\/css\" data-created_by=\"avia_inline_auto\" id=\"style-css-av-hpl1e-a8c9563bc0ec362316debe8426c8a3a1\">\n#top .hr.hr-invisible.av-hpl1e-a8c9563bc0ec362316debe8426c8a3a1{\nheight:50px;\n}\n<\/style>\n<div  class='hr av-hpl1e-a8c9563bc0ec362316debe8426c8a3a1 hr-invisible  avia-builder-el-11  el_before_av_textblock  avia-builder-el-first '><span class='hr-inner '><span class=\"hr-inner-style\"><\/span><\/span><\/div><br \/>\n\n<style type=\"text\/css\" data-created_by=\"avia_inline_auto\" id=\"style-css-av-8jj3e-1e4b606c1d37abb903ce0a75ba43a185\">\n#top .av_textblock_section.av-8jj3e-1e4b606c1d37abb903ce0a75ba43a185 .avia_textblock{\ncolor:#004161;\n}\n<\/style>\n<section  class='av_textblock_section av-8jj3e-1e4b606c1d37abb903ce0a75ba43a185 '   itemscope=\"itemscope\" itemtype=\"https:\/\/schema.org\/CreativeWork\" ><div class='avia_textblock av_inherit_color'  itemprop=\"text\" ><h1 class=\"p1\">Anta\u00e9 a les cl\u00e9s<br \/>\nen main afin de<br \/>\nvous faciliter la vie<\/h1>\n<\/div><\/section><\/p><\/div><\/div><\/div><\/div><!-- close content main div --><\/div><\/div><div id='av_section_3'  class='avia-section av-1vr2fm-ecaa060136bd437f4294198e8447f60b main_color avia-section-default avia-no-border-styling  avia-builder-el-13  el_after_av_section  el_before_av_hr  avia-bg-style-scroll container_wrap fullsize'  ><div class='container av-section-cont-open' ><div class='template-page content  av-content-full alpha units'><div class='post-entry post-entry-type-page post-entry-823'><div class='entry-content-wrapper clearfix'>\n\n\n<style type=\"text\/css\" data-created_by=\"avia_inline_auto\" id=\"style-css-av-1i86nm-6133317ee08926c5c6ce1af82ff38766\">\n.flex_column.av-1i86nm-6133317ee08926c5c6ce1af82ff38766{\npadding:0 0 0 0;\n}\n<\/style>\n<div  class='flex_column av-1i86nm-6133317ee08926c5c6ce1af82ff38766 av_one_full  avia-builder-el-15  el_after_av_codeblock  el_before_av_two_fifth  first flex_column_div av-zero-column-padding  '     ><style type=\"text\/css\" data-created_by=\"avia_inline_auto\" id=\"style-css-av-kwasswsz-b566deca28deea0ff96a8dab33db3356\">\n#top .av-special-heading.av-kwasswsz-b566deca28deea0ff96a8dab33db3356{\npadding-bottom:10px;\n}\nbody .av-special-heading.av-kwasswsz-b566deca28deea0ff96a8dab33db3356 .av-special-heading-tag .heading-char{\nfont-size:25px;\n}\n.av-special-heading.av-kwasswsz-b566deca28deea0ff96a8dab33db3356 .av-subheading{\nfont-size:15px;\n}\n<\/style>\n<div  class='av-special-heading av-kwasswsz-b566deca28deea0ff96a8dab33db3356 av-special-heading-h2 blockquote modern-quote  avia-builder-el-16  avia-builder-el-no-sibling '><h2 class='av-special-heading-tag '  itemprop=\"headline\"  >Envoyez-nous vos factures directement<\/h2><div class=\"special-heading-border\"><div class=\"special-heading-inner-border\"><\/div><\/div><\/div><\/div><div class='flex_column_table av-15ms4i-65e680adbe62005540c4da8803c3f22a sc-av_two_fifth av-equal-height-column-flextable'>\n<style type=\"text\/css\" data-created_by=\"avia_inline_auto\" id=\"style-css-av-15ms4i-65e680adbe62005540c4da8803c3f22a\">\n.flex_column.av-15ms4i-65e680adbe62005540c4da8803c3f22a{\nborder-radius:0 0 50px 0;\npadding:20px 20px 20px 20px;\nbackground-color:#f7f7f7;\n}\n<\/style>\n<div  class='flex_column av-15ms4i-65e680adbe62005540c4da8803c3f22a av_two_fifth  avia-builder-el-17  el_after_av_one_full  el_before_av_three_fifth  first flex_column_table_cell av-equal-height-column av-align-top  column-top-margin'     ><p><section  class='av_textblock_section av-kwast9si-c26c1bb9844173a4fc0541deb0e6bef6 '   itemscope=\"itemscope\" itemtype=\"https:\/\/schema.org\/CreativeWork\" ><div class='avia_textblock'  itemprop=\"text\" ><p>Vous pouvez envoyer vos factures \u00e0 l\u2019adresse ci-dessous\u00a0:<\/p>\n<\/div><\/section><br \/>\n<section  class='av_textblock_section av-kwasvsbg-c6840096bbc1e8929483de083897b3e8 '   itemscope=\"itemscope\" itemtype=\"https:\/\/schema.org\/CreativeWork\" ><div class='avia_textblock'  itemprop=\"text\" ><p><strong>ANTAE \/ Allianz Care<\/strong><br \/>\nGrand-Rue 40<br \/>\nCH-1820 Montreux<\/p>\n<p><a href=\"mailto:provider@antae.ch\">provider@antae.ch<\/a><\/p>\n<\/div><\/section><\/p><\/div><div class='av-flex-placeholder'><\/div>\n<style type=\"text\/css\" data-created_by=\"avia_inline_auto\" id=\"style-css-av-wjihm-abb8bced2b29e39f873e58fa7ab7ee39\">\n.flex_column.av-wjihm-abb8bced2b29e39f873e58fa7ab7ee39{\nborder-radius:0 0 50px 0;\npadding:20px 20px 20px 20px;\nbackground-color:#f7f7f7;\n}\n<\/style>\n<div  class='flex_column av-wjihm-abb8bced2b29e39f873e58fa7ab7ee39 av_three_fifth  avia-builder-el-20  el_after_av_two_fifth  avia-builder-el-last  flex_column_table_cell av-equal-height-column av-align-top  column-top-margin'     ><section  class='av_textblock_section av-kwaswmuz-a1f61fbe46e6df20da2f6781fb1599f0 '   itemscope=\"itemscope\" itemtype=\"https:\/\/schema.org\/CreativeWork\" ><div class='avia_textblock'  itemprop=\"text\" ><p class=\"p1\">Nous sommes \u00e0 votre enti\u00e8re disposition par email ou par t\u00e9l\u00e9phone afin de vous confirmer l\u2019\u00e9ligibilit\u00e9 d\u2019un \u00e9tudiant ou pour toute question sur le service de remboursement direct<\/p>\n<\/div><\/section><br \/>\n<section  class='av_textblock_section av-kwasx6rp-17ba9dfb2a950245e1704af55bf414f3 '   itemscope=\"itemscope\" itemtype=\"https:\/\/schema.org\/CreativeWork\" ><div class='avia_textblock'  itemprop=\"text\" ><p>+41 (0)<span class=\"s2\">21 555 40 08<br \/>\n<\/span>+41 (0)21 888 97 91<\/p>\n<p><a href=\"mailto:provider@antae.ch\">provider@antae.ch<\/a><\/p>\n<\/div><\/section><\/p><\/div><\/div><!--close column table wrapper. Autoclose: 1 --><\/div><\/div><\/div><!-- close content main div --><\/div><\/div><div id='after_section_3'  class='main_color av_default_container_wrap container_wrap fullsize'  ><div class='container av-section-cont-open' ><div class='template-page content  av-content-full alpha units'><div class='post-entry post-entry-type-page post-entry-823'><div class='entry-content-wrapper clearfix'>\n<style type=\"text\/css\" data-created_by=\"avia_inline_auto\" id=\"style-css-av-kwat2pv5-10a31259d2748e5acee16307037c18fc\">\n#top .hr.hr-invisible.av-kwat2pv5-10a31259d2748e5acee16307037c18fc{\nheight:60px;\n}\n<\/style>\n<div  class='hr av-kwat2pv5-10a31259d2748e5acee16307037c18fc hr-invisible  avia-builder-el-23  el_after_av_section  avia-builder-el-no-sibling '><span class='hr-inner '><span class=\"hr-inner-style\"><\/span><\/span><\/div><\/p>\n","protected":false},"excerpt":{"rendered":"","protected":false},"author":5,"featured_media":0,"parent":789,"menu_order":0,"comment_status":"closed","ping_status":"closed","template":"","meta":{"inline_featured_image":false,"footnotes":""},"class_list":["post-823","page","type-page","status-publish","hentry"],"_links":{"self":[{"href":"https:\/\/www.antae.ch\/fr\/wp-json\/wp\/v2\/pages\/823","targetHints":{"allow":["GET"]}}],"collection":[{"href":"https:\/\/www.antae.ch\/fr\/wp-json\/wp\/v2\/pages"}],"about":[{"href":"https:\/\/www.antae.ch\/fr\/wp-json\/wp\/v2\/types\/page"}],"author":[{"embeddable":true,"href":"https:\/\/www.antae.ch\/fr\/wp-json\/wp\/v2\/users\/5"}],"replies":[{"embeddable":true,"href":"https:\/\/www.antae.ch\/fr\/wp-json\/wp\/v2\/comments?post=823"}],"version-history":[{"count":3,"href":"https:\/\/www.antae.ch\/fr\/wp-json\/wp\/v2\/pages\/823\/revisions"}],"predecessor-version":[{"id":826,"href":"https:\/\/www.antae.ch\/fr\/wp-json\/wp\/v2\/pages\/823\/revisions\/826"}],"up":[{"embeddable":true,"href":"https:\/\/www.antae.ch\/fr\/wp-json\/wp\/v2\/pages\/789"}],"wp:attachment":[{"href":"https:\/\/www.antae.ch\/fr\/wp-json\/wp\/v2\/media?parent=823"}],"curies":[{"name":"wp","href":"https:\/\/api.w.org\/{rel}","templated":true}]}}