{"id":805,"date":"2021-11-03T08:34:31","date_gmt":"2021-11-03T07:34:31","guid":{"rendered":"https:\/\/www.antae.ch\/services\/international-companies-and-organisations\/"},"modified":"2022-01-28T14:59:59","modified_gmt":"2022-01-28T13:59:59","slug":"entreprises-et-organisations-internationales","status":"publish","type":"page","link":"https:\/\/www.antae.ch\/fr\/services\/entreprises-et-organisations-internationales\/","title":{"rendered":"Entreprises et organisations internationales"},"content":{"rendered":"\n<style type=\"text\/css\" data-created_by=\"avia_inline_auto\" id=\"style-css-av-8t9k12-e474af65eadea50392e504c6f641c55c\">\n.avia-section.av-8t9k12-e474af65eadea50392e504c6f641c55c{\nbackground-color:#f5f5f5;\nbackground-image:url(https:\/\/www.antae.ch\/wp-content\/uploads\/2021\/11\/title-back.jpg);\nbackground-repeat:no-repeat;\nbackground-position:100% 50%;\nbackground-attachment:scroll;\n}\n<\/style>\n<div id='av_section_1'  class='avia-section av-8t9k12-e474af65eadea50392e504c6f641c55c main_color avia-section-no-padding avia-no-border-styling  avia-builder-el-0  el_before_av_section  avia-builder-el-first  avia-bg-style-scroll av-minimum-height av-minimum-height-custom av-height-custom  container_wrap fullsize'  data-section-bg-repeat='no-repeat' data-av_minimum_height_px='285'><div class='container av-section-cont-open' style='height:285px'><main  role=\"main\" itemprop=\"mainContentOfPage\"  class='template-page content  av-content-full alpha units'><div class='post-entry post-entry-type-page post-entry-805'><div class='entry-content-wrapper clearfix'>\n\n<style type=\"text\/css\" data-created_by=\"avia_inline_auto\" id=\"style-css-av-8n6s9a-b1d9677922fbbb0559dee1247fad0d43\">\n#top .av-special-heading.av-8n6s9a-b1d9677922fbbb0559dee1247fad0d43{\nmargin:0 0 0 0;\npadding-bottom:10px;\ncolor:#0a0a0a;\n}\nbody .av-special-heading.av-8n6s9a-b1d9677922fbbb0559dee1247fad0d43 .av-special-heading-tag .heading-char{\nfont-size:25px;\n}\n#top #wrap_all .av-special-heading.av-8n6s9a-b1d9677922fbbb0559dee1247fad0d43 .av-special-heading-tag{\npadding:0 0 0 0;\n}\n.av-special-heading.av-8n6s9a-b1d9677922fbbb0559dee1247fad0d43 .special-heading-inner-border{\nborder-color:#0a0a0a;\n}\n.av-special-heading.av-8n6s9a-b1d9677922fbbb0559dee1247fad0d43 .av-subheading{\nfont-size:24px;\ncolor:#004161;\n}\n<\/style>\n<div  class='av-special-heading av-8n6s9a-b1d9677922fbbb0559dee1247fad0d43 av-special-heading-h1 custom-color-heading blockquote modern-quote  avia-builder-el-1  avia-builder-el-no-sibling '><div class='av_custom_color av-subheading av-subheading_above'><p>Services<\/p>\n<\/div><h1 class='av-special-heading-tag '  itemprop=\"headline\"  >Entreprises et organisations internationales<\/h1><div class=\"special-heading-border\"><div class=\"special-heading-inner-border\"><\/div><\/div><\/div>\n\n<\/div><\/div><\/main><!-- close content main element --><\/div><\/div><div id='av_section_2'  class='avia-section av-8lk4di-ff5380fc76be876c7b4443440240538f main_color avia-section-default avia-no-border-styling  avia-builder-el-2  el_after_av_section  el_before_av_section  avia-bg-style-scroll container_wrap fullsize'  ><div class='container av-section-cont-open' ><div class='template-page content  av-content-full alpha units'><div class='post-entry post-entry-type-page post-entry-805'><div class='entry-content-wrapper clearfix'>\n\n<div  class='flex_column av-8blcha-49e16d2e1e2b662a9305d588a5c2b27e av_two_third  avia-builder-el-4  el_after_av_codeblock  el_before_av_one_third  first flex_column_div  '     ><p>\n<style type=\"text\/css\" data-created_by=\"avia_inline_auto\" id=\"style-css-av-kwaj3cn9-63ec1f244df4de3af003d0793a6741e1\">\n#top .av-special-heading.av-kwaj3cn9-63ec1f244df4de3af003d0793a6741e1{\npadding-bottom:10px;\n}\nbody .av-special-heading.av-kwaj3cn9-63ec1f244df4de3af003d0793a6741e1 .av-special-heading-tag .heading-char{\nfont-size:25px;\n}\n.av-special-heading.av-kwaj3cn9-63ec1f244df4de3af003d0793a6741e1 .av-subheading{\nfont-size:15px;\n}\n<\/style>\n<div  class='av-special-heading av-kwaj3cn9-63ec1f244df4de3af003d0793a6741e1 av-special-heading-h2 blockquote modern-quote  avia-builder-el-5  el_before_av_textblock  avia-builder-el-first '><h2 class='av-special-heading-tag '  itemprop=\"headline\"  >Flexibilit\u00e9, adaptabilit\u00e9 et personnalisation<\/h2><div class=\"special-heading-border\"><div class=\"special-heading-inner-border\"><\/div><\/div><\/div><br \/>\n<section  class='av_textblock_section av-86ngxi-1feedd717aac4b3a6d7179d566410f10 '   itemscope=\"itemscope\" itemtype=\"https:\/\/schema.org\/CreativeWork\" ><div class='avia_textblock'  itemprop=\"text\" ><p><strong>Des solutions adaptables et portables<\/strong><br \/>\nNos solutions couvrent vos expatri\u00e9s, votre personnel en mission \u00e0 l&rsquo;\u00e9tranger et vos employ\u00e9s locaux* quelle que soit leur nationalit\u00e9. Toutes nos garanties sont \u00ab\u00a0portables\u00a0\u00bb, se d\u00e9pla\u00e7ant au gr\u00e9 des affectations des employ\u00e9s d&rsquo;un pays \u00e0 l&rsquo;autre, offrant une couverture continue.<\/p>\n<p><strong>Possibilit\u00e9 d&rsquo;offrir une couverture m\u00e9dicale internationale compl\u00e8te \u00e0 vos employ\u00e9s multinationaux bas\u00e9s en Suisse<\/strong><br \/>\nNous proposons des solutions d&rsquo;assurance m\u00e9dicale internationale conformes \u00e0 la r\u00e9glementation suisse en mati\u00e8re d&rsquo;assurance ou des couvertures compl\u00e9mentaires LAMal.<\/p>\n<p><strong>Une gamme compl\u00e8te de couvertures d&rsquo;assurance internationale \u00ab\u00a0\u00e0 la carte\u00a0\u00bb<\/strong><br \/>\nCouverture m\u00e9dicale priv\u00e9e, assurance sant\u00e9 voyage, protection d\u00e9c\u00e8s et invalidit\u00e9, assistance et s\u00e9curit\u00e9 voyage, l\u2019enl\u00e8vement et ran\u00e7on, pension&#8230;<\/p>\n<p><strong>Le soutien personnalis\u00e9 d&rsquo;Anta\u00e9<\/strong><br \/>\nAnta\u00e9 est votre interlocuteur unique et d\u00e9di\u00e9 en Suisse, d\u00e8s la conception de la solution et pendant toute la dur\u00e9e de votre contrat.<\/p>\n<p>Ensemble, nous :<\/p>\n<ol>\n<li>Concevons votre programme de mobilit\u00e9 internationale.<\/li>\n<li>D\u00e9finissons la strat\u00e9gie de communication la plus appropri\u00e9e pour la mise en \u0153uvre de votre solution.<\/li>\n<li>Convenons d&rsquo;une gestion simplifi\u00e9e et optimis\u00e9e du programme pour vous et vos employ\u00e9s.<\/li>\n<li>Concevons et r\u00e9alisons votre communication num\u00e9rique personnalis\u00e9e.<\/li>\n<\/ol>\n<\/div><\/section><br \/>\n\n<style type=\"text\/css\" data-created_by=\"avia_inline_auto\" id=\"style-css-av-kwoy14tv-c39a9ec78efe693326d7b9b7db300263\">\n#top .av_textblock_section.av-kwoy14tv-c39a9ec78efe693326d7b9b7db300263 .avia_textblock{\nfont-size:14px;\n}\n<\/style>\n<section  class='av_textblock_section av-kwoy14tv-c39a9ec78efe693326d7b9b7db300263 '   itemscope=\"itemscope\" itemtype=\"https:\/\/schema.org\/CreativeWork\" ><div class='avia_textblock'  itemprop=\"text\" ><p style=\"text-align: right;\"><em>*Sous r\u00e9serve de l&rsquo;approbation des r\u00e9glementations locales.<\/em><\/p>\n<\/div><\/section><\/p><\/div><div  class='flex_column av-816qda-1ded154c32296b98d2ce5e6560ed22d3 av_one_third  avia-builder-el-8  el_after_av_two_third  el_before_av_two_fifth  flex_column_div  '     ><style type=\"text\/css\" data-created_by=\"avia_inline_auto\" id=\"style-css-av-7xnaem-bf94aca1da025c4922d71a04f1b23cc3\">\n.avia-image-container.av-7xnaem-bf94aca1da025c4922d71a04f1b23cc3 img.avia_image{\nbox-shadow:none;\n}\n.avia-image-container.av-7xnaem-bf94aca1da025c4922d71a04f1b23cc3 .av-image-caption-overlay-center{\ncolor:#ffffff;\n}\n<\/style>\n<div  class='avia-image-container av-7xnaem-bf94aca1da025c4922d71a04f1b23cc3 av-styling- avia_animated_image av-animated-when-visible-95 fade-in avia-align-center  avia-builder-el-9  avia-builder-el-no-sibling '   itemprop=\"image\" itemscope=\"itemscope\" itemtype=\"https:\/\/schema.org\/ImageObject\" ><div class=\"avia-image-container-inner\"><div class=\"avia-image-overlay-wrap\"><img decoding=\"async\" fetchpriority=\"high\" class='wp-image-701 avia-img-lazy-loading-not-701 avia_image ' src=\"https:\/\/www.antae.ch\/wp-content\/uploads\/2021\/12\/antae-img10.png\" alt='' title='antae-img10'  height=\"818\" width=\"994\"  itemprop=\"thumbnailUrl\" srcset=\"https:\/\/www.antae.ch\/wp-content\/uploads\/2021\/12\/antae-img10.png 994w, https:\/\/www.antae.ch\/wp-content\/uploads\/2021\/12\/antae-img10-300x247.png 300w, https:\/\/www.antae.ch\/wp-content\/uploads\/2021\/12\/antae-img10-768x632.png 768w, https:\/\/www.antae.ch\/wp-content\/uploads\/2021\/12\/antae-img10-705x580.png 705w\" sizes=\"(max-width: 994px) 100vw, 994px\" \/><\/div><\/div><\/div><\/div><div  class='flex_column av-jbcie-60fcd4e421384e9b596e0e5534377bd7 av_two_fifth  avia-builder-el-10  el_after_av_one_third  el_before_av_three_fifth  first flex_column_div  column-top-margin'     ><\/div>\n<style type=\"text\/css\" data-created_by=\"avia_inline_auto\" id=\"style-css-av-dlgh2-5988116d0035ab25565966e30de72bbb\">\n.flex_column.av-dlgh2-5988116d0035ab25565966e30de72bbb{\npadding:0 0 0 50px;\n}\n<\/style>\n<div  class='flex_column av-dlgh2-5988116d0035ab25565966e30de72bbb av_three_fifth  avia-builder-el-11  el_after_av_two_fifth  avia-builder-el-last  flex_column_div av-animated-generic right-to-left  column-top-margin'     ><p>\n<style type=\"text\/css\" data-created_by=\"avia_inline_auto\" id=\"style-css-av-bqr8m-bdc2633cd7ba80f26cef341a225e5ad3\">\n#top .hr.hr-invisible.av-bqr8m-bdc2633cd7ba80f26cef341a225e5ad3{\nheight:50px;\n}\n<\/style>\n<div  class='hr av-bqr8m-bdc2633cd7ba80f26cef341a225e5ad3 hr-invisible  avia-builder-el-12  el_before_av_textblock  avia-builder-el-first '><span class='hr-inner '><span class=\"hr-inner-style\"><\/span><\/span><\/div><br \/>\n\n<style type=\"text\/css\" data-created_by=\"avia_inline_auto\" id=\"style-css-av-kwao5b3a-30f65c77ab9a0e1f0056143ded535818\">\n#top .av_textblock_section.av-kwao5b3a-30f65c77ab9a0e1f0056143ded535818 .avia_textblock{\ncolor:#004161;\n}\n\n@media only screen and (min-width: 480px) and (max-width: 767px){ \n#top .av_textblock_section.av-kwao5b3a-30f65c77ab9a0e1f0056143ded535818 .avia_textblock{\nfont-size:20px;\n}\n}\n\n@media only screen and (max-width: 479px){ \n#top .av_textblock_section.av-kwao5b3a-30f65c77ab9a0e1f0056143ded535818 .avia_textblock{\nfont-size:20px;\n}\n}\n<\/style>\n<section  class='av_textblock_section av-kwao5b3a-30f65c77ab9a0e1f0056143ded535818 '   itemscope=\"itemscope\" itemtype=\"https:\/\/schema.org\/CreativeWork\" ><div class='avia_textblock av_inherit_color'  itemprop=\"text\" ><h1>Nous proposons un<br \/>\nlarge \u00e9ventail de<br \/>\nsolutions de mobilit\u00e9<br \/>\ninternationale<br \/>\nsp\u00e9cifiquement pour<br \/>\nles employ\u00e9s d&rsquo;entreprises<br \/>\net d&rsquo;organisations<br \/>\ninternationales.<\/h1>\n<\/div><\/section><\/p><\/div>\n\n<\/div><\/div><\/div><!-- close content main div --><\/div><\/div><div id='av_section_3'  class='avia-section av-7cd2u-f8a2e0a4128ff7213cea7139669dae8a main_color avia-section-default avia-no-border-styling  avia-builder-el-14  el_after_av_section  el_before_av_section  avia-bg-style-scroll container_wrap fullsize'  ><div class='container av-section-cont-open' ><div class='template-page content  av-content-full alpha units'><div class='post-entry post-entry-type-page post-entry-805'><div class='entry-content-wrapper clearfix'>\n\n\n<style type=\"text\/css\" data-created_by=\"avia_inline_auto\" id=\"style-css-av-7exs9i-b8c137fe15d9f95acc175d8836bc4f18\">\n.flex_column.av-7exs9i-b8c137fe15d9f95acc175d8836bc4f18{\npadding:0 0 0 0;\n}\n<\/style>\n<div  class='flex_column av-7exs9i-b8c137fe15d9f95acc175d8836bc4f18 av_two_third  avia-builder-el-16  el_after_av_codeblock  el_before_av_one_third  first flex_column_div av-zero-column-padding  '     ><p>\n<style type=\"text\/css\" data-created_by=\"avia_inline_auto\" id=\"style-css-av-79duqe-96d0c4e799517490e6784120d8394628\">\n#top .av-special-heading.av-79duqe-96d0c4e799517490e6784120d8394628{\npadding-bottom:10px;\n}\nbody .av-special-heading.av-79duqe-96d0c4e799517490e6784120d8394628 .av-special-heading-tag .heading-char{\nfont-size:25px;\n}\n.av-special-heading.av-79duqe-96d0c4e799517490e6784120d8394628 .av-subheading{\nfont-size:15px;\n}\n<\/style>\n<div  class='av-special-heading av-79duqe-96d0c4e799517490e6784120d8394628 av-special-heading-h2 blockquote modern-quote  avia-builder-el-17  el_before_av_textblock  avia-builder-el-first '><h2 class='av-special-heading-tag '  itemprop=\"headline\"  >Simplicit\u00e9, s\u00e9curit\u00e9 et efficacit\u00e9 !<\/h2><div class=\"special-heading-border\"><div class=\"special-heading-inner-border\"><\/div><\/div><\/div><br \/>\n<section  class='av_textblock_section av-kwaoncde-fb7f804e9cd37e90e922eb1c5138485b '   itemscope=\"itemscope\" itemtype=\"https:\/\/schema.org\/CreativeWork\" ><div class='avia_textblock'  itemprop=\"text\" ><p><strong>Des outils et des services innovants<\/strong><\/p>\n<ul>\n<li>Libre choix du m\u00e9decin et de l&rsquo;\u00e9tablissement m\u00e9dical dans la zone de couverture s\u00e9lectionn\u00e9e.<\/li>\n<li>R\u00e8glement direct des frais d&rsquo;hospitalisation dans le monde entier lorsque cela est possible.<\/li>\n<li>Plusieurs m\u00e9thodes de r\u00e9clamation, y compris la r\u00e9clamation \u00e9lectronique (\u00ab\u00a0scan and email\u00a0\u00bb) et via l&rsquo;application MyHealth. Les demandes de remboursement compl\u00e9t\u00e9es sont trait\u00e9es dans un d\u00e9lai de 2 \u00e0 5 jour ouvrable.<\/li>\n<li>Paiement effectu\u00e9 dans plus de 130 devises.<\/li>\n<li>Acc\u00e8s en ligne au plan 24 heures sur 24<\/li>\n<li>Assistance t\u00e9l\u00e9phonique multilingue 24h\/24 et 7j\/7<\/li>\n<li>Acc\u00e8s au plus grand r\u00e9seau m\u00e9dical international du march\u00e9<\/li>\n<\/ul>\n<\/div><\/section><\/p><\/div><div  class='flex_column av-hs7xy-ae505a9742f0cdb85b611fdf75243b4b av_one_third  avia-builder-el-19  el_after_av_two_third  el_before_av_one_third  flex_column_div  '     ><style type=\"text\/css\" data-created_by=\"avia_inline_auto\" id=\"style-css-av-70x1i-685b4c1722eb0c1a06f38d3da42aaf9d\">\n.avia-image-container.av-70x1i-685b4c1722eb0c1a06f38d3da42aaf9d img.avia_image{\nbox-shadow:none;\n}\n.avia-image-container.av-70x1i-685b4c1722eb0c1a06f38d3da42aaf9d .av-image-caption-overlay-center{\ncolor:#ffffff;\n}\n<\/style>\n<div  class='avia-image-container av-70x1i-685b4c1722eb0c1a06f38d3da42aaf9d av-styling- avia_animated_image av-animated-when-visible-95 fade-in avia-align-center  avia-builder-el-20  avia-builder-el-no-sibling '   itemprop=\"image\" itemscope=\"itemscope\" itemtype=\"https:\/\/schema.org\/ImageObject\" ><div class=\"avia-image-container-inner\"><div class=\"avia-image-overlay-wrap\"><img decoding=\"async\" fetchpriority=\"high\" class='wp-image-703 avia-img-lazy-loading-not-703 avia_image ' src=\"https:\/\/www.antae.ch\/wp-content\/uploads\/2021\/12\/antae-img11.png\" alt='' title='antae-img11'  height=\"1000\" width=\"994\"  itemprop=\"thumbnailUrl\" srcset=\"https:\/\/www.antae.ch\/wp-content\/uploads\/2021\/12\/antae-img11.png 994w, https:\/\/www.antae.ch\/wp-content\/uploads\/2021\/12\/antae-img11-298x300.png 298w, https:\/\/www.antae.ch\/wp-content\/uploads\/2021\/12\/antae-img11-80x80.png 80w, https:\/\/www.antae.ch\/wp-content\/uploads\/2021\/12\/antae-img11-768x773.png 768w, https:\/\/www.antae.ch\/wp-content\/uploads\/2021\/12\/antae-img11-36x36.png 36w, https:\/\/www.antae.ch\/wp-content\/uploads\/2021\/12\/antae-img11-180x180.png 180w, https:\/\/www.antae.ch\/wp-content\/uploads\/2021\/12\/antae-img11-701x705.png 701w\" sizes=\"(max-width: 994px) 100vw, 994px\" \/><\/div><\/div><\/div><\/div><div class='flex_column_table av-5yzb2m-f0e3a0bc7603c34ae37e8f9ed166b199 sc-av_one_third av-equal-height-column-flextable'>\n<style type=\"text\/css\" data-created_by=\"avia_inline_auto\" id=\"style-css-av-5yzb2m-f0e3a0bc7603c34ae37e8f9ed166b199\">\n.flex_column.av-5yzb2m-f0e3a0bc7603c34ae37e8f9ed166b199{\nborder-radius:0 0 50px 0;\npadding:20px 20px 20px 20px;\nbackground-color:#f7f7f7;\n}\n<\/style>\n<div  class='flex_column av-5yzb2m-f0e3a0bc7603c34ae37e8f9ed166b199 av_one_third  avia-builder-el-21  el_after_av_one_third  el_before_av_one_third  first flex_column_table_cell av-equal-height-column av-align-top  column-top-margin'     ><section  class='av_textblock_section av-73kwcu-35d82338fc7f77d9d98a7eea1866ddfd '   itemscope=\"itemscope\" itemtype=\"https:\/\/schema.org\/CreativeWork\" ><div class='avia_textblock'  itemprop=\"text\" ><p><strong>Services en ligne sp\u00e9cifiques aux Ressources Humaines<\/strong><\/p>\n<p>Vous pouvez acc\u00e9der \u00e0 une gamme de services en ligne multilingues, 24 heures sur 24 et 7 jours sur 7, permettant une gestion compl\u00e8te de la base des assur\u00e9s et offrant une plus grande commodit\u00e9 en termes d&rsquo;administration du r\u00e9gime (rapports personnalis\u00e9s, facturation automatique, pack de bienvenue automatique&#8230;).<\/p>\n<\/div><\/section><\/div><div class='av-flex-placeholder'><\/div>\n<style type=\"text\/css\" data-created_by=\"avia_inline_auto\" id=\"style-css-av-dex4u-1b127299d983217ebbf42c67cd3920e7\">\n.flex_column.av-dex4u-1b127299d983217ebbf42c67cd3920e7{\nborder-radius:0 0 50px 0;\npadding:20px 20px 20px 20px;\nbackground-color:#f7f7f7;\n}\n<\/style>\n<div  class='flex_column av-dex4u-1b127299d983217ebbf42c67cd3920e7 av_one_third  avia-builder-el-23  el_after_av_one_third  el_before_av_one_third  flex_column_table_cell av-equal-height-column av-align-top  column-top-margin'     ><section  class='av_textblock_section av-kwapi52h-f5788b1de1abe0cb2d21e2ae60f409d8 '   itemscope=\"itemscope\" itemtype=\"https:\/\/schema.org\/CreativeWork\" ><div class='avia_textblock'  itemprop=\"text\" ><p><strong>Assistance, s\u00e9curit\u00e9 et rapatriement m\u00e9dical<\/strong><\/p>\n<p>Nous fournissons des outils et des ressources sp\u00e9cialement con\u00e7us pour faire face aux situations d&rsquo;urgence et offrons des solutions rapides et efficaces aux situations m\u00e9dicales et s\u00e9curitaires inattendues. Nos partenaires sont les leaders mondiaux de l&rsquo;assistance m\u00e9dicale et de la s\u00e9curit\u00e9.<\/p>\n<\/div><\/section><\/div><div class='av-flex-placeholder'><\/div>\n<style type=\"text\/css\" data-created_by=\"avia_inline_auto\" id=\"style-css-av-bnzpa-f82f7a45b12391895a09ab8e35b714b8\">\n.flex_column.av-bnzpa-f82f7a45b12391895a09ab8e35b714b8{\nborder-radius:0 0 50px 0;\npadding:20px 20px 20px 20px;\nbackground-color:#f7f7f7;\n}\n<\/style>\n<div  class='flex_column av-bnzpa-f82f7a45b12391895a09ab8e35b714b8 av_one_third  avia-builder-el-25  el_after_av_one_third  avia-builder-el-last  flex_column_table_cell av-equal-height-column av-align-top  column-top-margin'     ><section  class='av_textblock_section av-kwapikb7-e406a496be47d7bfb0fce23a49f9fb1e '   itemscope=\"itemscope\" itemtype=\"https:\/\/schema.org\/CreativeWork\" ><div class='avia_textblock'  itemprop=\"text\" ><p><strong>Des solutions flexibles pour soutenir la strat\u00e9gie de ressources humaines de l&rsquo;entreprise ou de l&rsquo;organisation<\/strong><\/p>\n<p>Vous pouvez cr\u00e9er diff\u00e9rents niveaux de couverture m\u00e9dicale et de protection au sein d&rsquo;un m\u00eame contrat, ce qui vous permet d&rsquo;adapter la couverture aux diff\u00e9rents besoins de vos employ\u00e9s, que ce soit dans le m\u00eame pays ou \u00e0 l&rsquo;\u00e9tranger : un seul contrat, avec des prestations adapt\u00e9es \u00e0 vos besoins.<\/p>\n<\/div><\/section><\/div><\/div><!--close column table wrapper. Autoclose: 1 -->\n\n<\/div><\/div><\/div><!-- close content main div --><\/div><\/div><div id='av_section_4'  class='avia-section av-opcb2-7a115e69266f823e029aeff005807e2a main_color avia-section-default avia-no-border-styling  avia-builder-el-27  el_after_av_section  avia-builder-el-last  avia-bg-style-scroll container_wrap fullsize'  ><div class='container av-section-cont-open' ><div class='template-page content  av-content-full alpha units'><div class='post-entry post-entry-type-page post-entry-805'><div class='entry-content-wrapper clearfix'>\n\n<style type=\"text\/css\" data-created_by=\"avia_inline_auto\" id=\"style-css-av-kwaopcuq-15f267a88c9f44f766c872899f1bd95c\">\n#top .av-special-heading.av-kwaopcuq-15f267a88c9f44f766c872899f1bd95c{\npadding-bottom:10px;\ncolor:#d7488f;\n}\nbody .av-special-heading.av-kwaopcuq-15f267a88c9f44f766c872899f1bd95c .av-special-heading-tag .heading-char{\nfont-size:25px;\n}\n.av-special-heading.av-kwaopcuq-15f267a88c9f44f766c872899f1bd95c .special-heading-inner-border{\nborder-color:#d7488f;\n}\n.av-special-heading.av-kwaopcuq-15f267a88c9f44f766c872899f1bd95c .av-subheading{\nfont-size:15px;\n}\n<\/style>\n<div  class='av-special-heading av-kwaopcuq-15f267a88c9f44f766c872899f1bd95c av-special-heading-h2 custom-color-heading blockquote modern-quote modern-centered  avia-builder-el-28  el_before_av_textblock  avia-builder-el-first '><h2 class='av-special-heading-tag '  itemprop=\"headline\"  >Vous \u00eates int\u00e9ress\u00e9 ?<\/h2><div class=\"special-heading-border\"><div class=\"special-heading-inner-border\"><\/div><\/div><\/div>\n\n<style type=\"text\/css\" data-created_by=\"avia_inline_auto\" id=\"style-css-av-epyt2-eb801b08da025a19629b5d8ce99fd28f\">\n#top .av_textblock_section.av-epyt2-eb801b08da025a19629b5d8ce99fd28f .avia_textblock{\nfont-size:22px;\n}\n<\/style>\n<section  class='av_textblock_section av-epyt2-eb801b08da025a19629b5d8ce99fd28f '   itemscope=\"itemscope\" itemtype=\"https:\/\/schema.org\/CreativeWork\" ><div class='avia_textblock'  itemprop=\"text\" ><p style=\"text-align: center;\">Laissez-vous guider par notre expert en assurances internationales !<\/p>\n<\/div><\/section>\n<div  class='avia-button-wrap av-8w4sm-ffeefa339776aeaf60778d90de07d5d4-wrap avia-button-center  avia-builder-el-30  el_after_av_textblock  avia-builder-el-last '>\n<style type=\"text\/css\" data-created_by=\"avia_inline_auto\" id=\"style-css-av-8w4sm-ffeefa339776aeaf60778d90de07d5d4\">\n#top #wrap_all .avia-button.av-8w4sm-ffeefa339776aeaf60778d90de07d5d4{\nborder-radius:8px 8px 8px 8px;\ntransition:all 0.4s ease-in-out;\n}\n#top #wrap_all.avia-button.av-8w4sm-ffeefa339776aeaf60778d90de07d5d4:hover .avia_button_background{\nborder-radius:8px 8px 8px 8px;\n}\n<\/style>\n<a href='https:\/\/www.antae.ch\/fr\/contact\/'  class='avia-button av-8w4sm-ffeefa339776aeaf60778d90de07d5d4 av-link-btn avia-icon_select-no avia-size-small avia-position-center avia-color-dark'   aria-label=\"Contactez-nous\"><span class='avia_iconbox_title' >Contactez-nous<\/span><\/a><\/div>\n\n","protected":false},"excerpt":{"rendered":"","protected":false},"author":5,"featured_media":0,"parent":789,"menu_order":0,"comment_status":"closed","ping_status":"closed","template":"","meta":{"inline_featured_image":false,"footnotes":""},"class_list":["post-805","page","type-page","status-publish","hentry"],"_links":{"self":[{"href":"https:\/\/www.antae.ch\/fr\/wp-json\/wp\/v2\/pages\/805","targetHints":{"allow":["GET"]}}],"collection":[{"href":"https:\/\/www.antae.ch\/fr\/wp-json\/wp\/v2\/pages"}],"about":[{"href":"https:\/\/www.antae.ch\/fr\/wp-json\/wp\/v2\/types\/page"}],"author":[{"embeddable":true,"href":"https:\/\/www.antae.ch\/fr\/wp-json\/wp\/v2\/users\/5"}],"replies":[{"embeddable":true,"href":"https:\/\/www.antae.ch\/fr\/wp-json\/wp\/v2\/comments?post=805"}],"version-history":[{"count":5,"href":"https:\/\/www.antae.ch\/fr\/wp-json\/wp\/v2\/pages\/805\/revisions"}],"predecessor-version":[{"id":900,"href":"https:\/\/www.antae.ch\/fr\/wp-json\/wp\/v2\/pages\/805\/revisions\/900"}],"up":[{"embeddable":true,"href":"https:\/\/www.antae.ch\/fr\/wp-json\/wp\/v2\/pages\/789"}],"wp:attachment":[{"href":"https:\/\/www.antae.ch\/fr\/wp-json\/wp\/v2\/media?parent=805"}],"curies":[{"name":"wp","href":"https:\/\/api.w.org\/{rel}","templated":true}]}}